{"id":1320,"date":"2017-07-11T04:57:39","date_gmt":"2017-07-11T04:57:39","guid":{"rendered":"https:\/\/artesaniascandilesyarbotantes.com\/web\/index.php\/home-3\/"},"modified":"2021-04-28T13:09:29","modified_gmt":"2021-04-28T13:09:29","slug":"inicio","status":"publish","type":"page","link":"https:\/\/artesaniascandilesyarbotantes.com\/web\/","title":{"rendered":"Inicio"},"content":{"rendered":"\t\t<div data-elementor-type=\"wp-post\" data-elementor-id=\"1320\" class=\"elementor elementor-1320\" data-elementor-post-type=\"page\">\n\t\t\t\t\t\t<section class=\"elementor-section elementor-top-section elementor-element elementor-element-cc84231 elementor-section-content-middle elementor-section-boxed elementor-section-height-default elementor-section-height-default\" data-id=\"cc84231\" data-element_type=\"section\" data-e-type=\"section\" data-settings=\"{&quot;background_background&quot;:&quot;classic&quot;}\">\n\t\t\t\t\t\t<div class=\"elementor-container elementor-column-gap-no\">\n\t\t\t\t\t<div class=\"elementor-column elementor-col-50 elementor-top-column elementor-element elementor-element-c115790\" data-id=\"c115790\" data-element_type=\"column\" data-e-type=\"column\" data-settings=\"{&quot;background_background&quot;:&quot;classic&quot;}\">\n\t\t\t<div class=\"elementor-widget-wrap elementor-element-populated\">\n\t\t\t\t\t<div class=\"elementor-background-overlay\"><\/div>\n\t\t\t\t\t\t<div class=\"elementor-element elementor-element-19bb5c2 elementor-widget elementor-widget-image\" data-id=\"19bb5c2\" data-element_type=\"widget\" data-e-type=\"widget\" data-widget_type=\"image.default\">\n\t\t\t\t<div class=\"elementor-widget-container\">\n\t\t\t\t\t\t\t\t\t\t\t\t\t\t\t<img fetchpriority=\"high\" decoding=\"async\" width=\"640\" height=\"480\" src=\"https:\/\/artesaniascandilesyarbotantes.com\/web\/wp-content\/uploads\/2021\/03\/c-34.jpg\" class=\"attachment-medium_large size-medium_large wp-image-1396\" alt=\"\" srcset=\"https:\/\/artesaniascandilesyarbotantes.com\/web\/wp-content\/uploads\/2021\/03\/c-34.jpg 640w, https:\/\/artesaniascandilesyarbotantes.com\/web\/wp-content\/uploads\/2021\/03\/c-34-300x225.jpg 300w\" sizes=\"(max-width: 640px) 100vw, 640px\" \/>\t\t\t\t\t\t\t\t\t\t\t\t\t\t\t<\/div>\n\t\t\t\t<\/div>\n\t\t\t\t\t<\/div>\n\t\t<\/div>\n\t\t\t\t<div class=\"elementor-column elementor-col-50 elementor-top-column elementor-element elementor-element-ab4a298\" data-id=\"ab4a298\" data-element_type=\"column\" data-e-type=\"column\">\n\t\t\t<div class=\"elementor-widget-wrap elementor-element-populated\">\n\t\t\t\t\t\t<div class=\"elementor-element elementor-element-bd70233 elementor-widget elementor-widget-heading\" data-id=\"bd70233\" data-element_type=\"widget\" data-e-type=\"widget\" data-widget_type=\"heading.default\">\n\t\t\t\t<div class=\"elementor-widget-container\">\n\t\t\t\t\t<h2 class=\"elementor-heading-title elementor-size-default\">Tradici\u00f3n <\/h2>\t\t\t\t<\/div>\n\t\t\t\t<\/div>\n\t\t\t\t<div class=\"elementor-element elementor-element-9245e6e elementor-widget elementor-widget-text-editor\" data-id=\"9245e6e\" data-element_type=\"widget\" data-e-type=\"widget\" data-widget_type=\"text-editor.default\">\n\t\t\t\t<div class=\"elementor-widget-container\">\n\t\t\t\t\t\t\t\t\t<p>Contamos con una amplia experiencia desde 1970 trabajando el hierro forjado, iniciando el negocio y la fabricaci\u00f3n por parte de mi padre y mi t\u00edo; hasta la fecha seguimos con la tradici\u00f3n pero innovando modelos por eso te ofrecemos artesan\u00edas de buena calidad, todo lo que imagines en artesan\u00edas de hierro con incrustaciones de madera, tejidos de palma, mimbre, bejuco y tapicer\u00eda en piel. Todos tus sue\u00f1os los hacemos realidad, realizamos trabajos especiales y sobre dise\u00f1o.<\/p>\t\t\t\t\t\t\t\t<\/div>\n\t\t\t\t<\/div>\n\t\t\t\t<div class=\"elementor-element elementor-element-38096fa elementor-widget elementor-widget-heading\" data-id=\"38096fa\" data-element_type=\"widget\" data-e-type=\"widget\" data-widget_type=\"heading.default\">\n\t\t\t\t<div class=\"elementor-widget-container\">\n\t\t\t\t\t<h5 class=\"elementor-heading-title elementor-size-default\">Trabajamos sobre pedido en cualquier dise\u00f1o que usted desee<\/h5>\t\t\t\t<\/div>\n\t\t\t\t<\/div>\n\t\t\t\t\t<\/div>\n\t\t<\/div>\n\t\t\t\t\t<\/div>\n\t\t<\/section>\n\t\t\t\t<section class=\"elementor-section elementor-top-section elementor-element elementor-element-8ec2330 elementor-section-boxed elementor-section-height-default elementor-section-height-default\" data-id=\"8ec2330\" data-element_type=\"section\" data-e-type=\"section\">\n\t\t\t\t\t\t<div class=\"elementor-container elementor-column-gap-default\">\n\t\t\t\t\t<div class=\"elementor-column elementor-col-100 elementor-top-column elementor-element elementor-element-9776045\" data-id=\"9776045\" data-element_type=\"column\" data-e-type=\"column\">\n\t\t\t<div class=\"elementor-widget-wrap elementor-element-populated\">\n\t\t\t\t\t\t<div class=\"elementor-element elementor-element-ba814fd elementor-widget elementor-widget-heading\" data-id=\"ba814fd\" data-element_type=\"widget\" data-e-type=\"widget\" data-widget_type=\"heading.default\">\n\t\t\t\t<div class=\"elementor-widget-container\">\n\t\t\t\t\t<h2 class=\"elementor-heading-title elementor-size-default\">Esculturas con herraduras<\/h2>\t\t\t\t<\/div>\n\t\t\t\t<\/div>\n\t\t\t\t<div class=\"elementor-element elementor-element-f6c8e7e elementor-widget elementor-widget-gallery\" data-id=\"f6c8e7e\" data-element_type=\"widget\" data-e-type=\"widget\" data-settings=\"{&quot;gallery_layout&quot;:&quot;masonry&quot;,&quot;lazyload&quot;:&quot;yes&quot;,&quot;columns&quot;:4,&quot;columns_tablet&quot;:2,&quot;columns_mobile&quot;:1,&quot;gap&quot;:{&quot;unit&quot;:&quot;px&quot;,&quot;size&quot;:10,&quot;sizes&quot;:[]},&quot;gap_tablet&quot;:{&quot;unit&quot;:&quot;px&quot;,&quot;size&quot;:10,&quot;sizes&quot;:[]},&quot;gap_mobile&quot;:{&quot;unit&quot;:&quot;px&quot;,&quot;size&quot;:10,&quot;sizes&quot;:[]},&quot;link_to&quot;:&quot;file&quot;,&quot;overlay_background&quot;:&quot;yes&quot;,&quot;content_hover_animation&quot;:&quot;fade-in&quot;}\" data-widget_type=\"gallery.default\">\n\t\t\t\t<div class=\"elementor-widget-container\">\n\t\t\t\t\t\t\t<div class=\"elementor-gallery__container\">\n\t\t\t\t\t\t\t<a class=\"e-gallery-item elementor-gallery-item elementor-animated-content\" href=\"https:\/\/artesaniascandilesyarbotantes.com\/web\/wp-content\/uploads\/2021\/04\/07.jpg\" data-elementor-open-lightbox=\"yes\" data-elementor-lightbox-slideshow=\"f6c8e7e\" data-elementor-lightbox-title=\"07\" data-e-action-hash=\"#elementor-action%3Aaction%3Dlightbox%26settings%3DeyJpZCI6MjE4NywidXJsIjoiaHR0cHM6XC9cL2FydGVzYW5pYXNjYW5kaWxlc3lhcmJvdGFudGVzLmNvbVwvd2ViXC93cC1jb250ZW50XC91cGxvYWRzXC8yMDIxXC8wNFwvMDcuanBnIiwic2xpZGVzaG93IjoiZjZjOGU3ZSJ9\">\n\t\t\t\t\t<div class=\"e-gallery-image elementor-gallery-item__image\" data-thumbnail=\"https:\/\/artesaniascandilesyarbotantes.com\/web\/wp-content\/uploads\/2021\/04\/07.jpg\" data-width=\"765\" data-height=\"539\" aria-label=\"\" role=\"img\" ><\/div>\n\t\t\t\t\t\t\t\t\t\t\t<div class=\"elementor-gallery-item__overlay\"><\/div>\n\t\t\t\t\t\t\t\t\t\t\t\t\t\t<\/a>\n\t\t\t\t\t\t\t<a class=\"e-gallery-item elementor-gallery-item elementor-animated-content\" href=\"https:\/\/artesaniascandilesyarbotantes.com\/web\/wp-content\/uploads\/2021\/04\/06.jpg\" data-elementor-open-lightbox=\"yes\" data-elementor-lightbox-slideshow=\"f6c8e7e\" data-elementor-lightbox-title=\"06\" data-e-action-hash=\"#elementor-action%3Aaction%3Dlightbox%26settings%3DeyJpZCI6MjE4NiwidXJsIjoiaHR0cHM6XC9cL2FydGVzYW5pYXNjYW5kaWxlc3lhcmJvdGFudGVzLmNvbVwvd2ViXC93cC1jb250ZW50XC91cGxvYWRzXC8yMDIxXC8wNFwvMDYuanBnIiwic2xpZGVzaG93IjoiZjZjOGU3ZSJ9\">\n\t\t\t\t\t<div class=\"e-gallery-image elementor-gallery-item__image\" data-thumbnail=\"https:\/\/artesaniascandilesyarbotantes.com\/web\/wp-content\/uploads\/2021\/04\/06-736x1024.jpg\" data-width=\"736\" data-height=\"1024\" aria-label=\"\" role=\"img\" ><\/div>\n\t\t\t\t\t\t\t\t\t\t\t<div class=\"elementor-gallery-item__overlay\"><\/div>\n\t\t\t\t\t\t\t\t\t\t\t\t\t\t<\/a>\n\t\t\t\t\t\t\t<a class=\"e-gallery-item elementor-gallery-item elementor-animated-content\" href=\"https:\/\/artesaniascandilesyarbotantes.com\/web\/wp-content\/uploads\/2021\/04\/05.jpg\" data-elementor-open-lightbox=\"yes\" data-elementor-lightbox-slideshow=\"f6c8e7e\" data-elementor-lightbox-title=\"05\" data-e-action-hash=\"#elementor-action%3Aaction%3Dlightbox%26settings%3DeyJpZCI6MjE4NSwidXJsIjoiaHR0cHM6XC9cL2FydGVzYW5pYXNjYW5kaWxlc3lhcmJvdGFudGVzLmNvbVwvd2ViXC93cC1jb250ZW50XC91cGxvYWRzXC8yMDIxXC8wNFwvMDUuanBnIiwic2xpZGVzaG93IjoiZjZjOGU3ZSJ9\">\n\t\t\t\t\t<div class=\"e-gallery-image elementor-gallery-item__image\" data-thumbnail=\"https:\/\/artesaniascandilesyarbotantes.com\/web\/wp-content\/uploads\/2021\/04\/05.jpg\" data-width=\"480\" data-height=\"530\" aria-label=\"\" role=\"img\" ><\/div>\n\t\t\t\t\t\t\t\t\t\t\t<div class=\"elementor-gallery-item__overlay\"><\/div>\n\t\t\t\t\t\t\t\t\t\t\t\t\t\t<\/a>\n\t\t\t\t\t\t\t<a class=\"e-gallery-item elementor-gallery-item elementor-animated-content\" href=\"https:\/\/artesaniascandilesyarbotantes.com\/web\/wp-content\/uploads\/2021\/04\/04.jpg\" data-elementor-open-lightbox=\"yes\" data-elementor-lightbox-slideshow=\"f6c8e7e\" data-elementor-lightbox-title=\"04\" data-e-action-hash=\"#elementor-action%3Aaction%3Dlightbox%26settings%3DeyJpZCI6MjE4NCwidXJsIjoiaHR0cHM6XC9cL2FydGVzYW5pYXNjYW5kaWxlc3lhcmJvdGFudGVzLmNvbVwvd2ViXC93cC1jb250ZW50XC91cGxvYWRzXC8yMDIxXC8wNFwvMDQuanBnIiwic2xpZGVzaG93IjoiZjZjOGU3ZSJ9\">\n\t\t\t\t\t<div class=\"e-gallery-image elementor-gallery-item__image\" data-thumbnail=\"https:\/\/artesaniascandilesyarbotantes.com\/web\/wp-content\/uploads\/2021\/04\/04-1024x681.jpg\" data-width=\"1024\" data-height=\"681\" aria-label=\"\" role=\"img\" ><\/div>\n\t\t\t\t\t\t\t\t\t\t\t<div class=\"elementor-gallery-item__overlay\"><\/div>\n\t\t\t\t\t\t\t\t\t\t\t\t\t\t<\/a>\n\t\t\t\t\t\t\t<a class=\"e-gallery-item elementor-gallery-item elementor-animated-content\" href=\"https:\/\/artesaniascandilesyarbotantes.com\/web\/wp-content\/uploads\/2021\/04\/03.jpg\" data-elementor-open-lightbox=\"yes\" data-elementor-lightbox-slideshow=\"f6c8e7e\" data-elementor-lightbox-title=\"03\" data-e-action-hash=\"#elementor-action%3Aaction%3Dlightbox%26settings%3DeyJpZCI6MjE4MywidXJsIjoiaHR0cHM6XC9cL2FydGVzYW5pYXNjYW5kaWxlc3lhcmJvdGFudGVzLmNvbVwvd2ViXC93cC1jb250ZW50XC91cGxvYWRzXC8yMDIxXC8wNFwvMDMuanBnIiwic2xpZGVzaG93IjoiZjZjOGU3ZSJ9\">\n\t\t\t\t\t<div class=\"e-gallery-image elementor-gallery-item__image\" data-thumbnail=\"https:\/\/artesaniascandilesyarbotantes.com\/web\/wp-content\/uploads\/2021\/04\/03-1024x575.jpg\" data-width=\"1024\" data-height=\"575\" aria-label=\"\" role=\"img\" ><\/div>\n\t\t\t\t\t\t\t\t\t\t\t<div class=\"elementor-gallery-item__overlay\"><\/div>\n\t\t\t\t\t\t\t\t\t\t\t\t\t\t<\/a>\n\t\t\t\t\t\t\t<a class=\"e-gallery-item elementor-gallery-item elementor-animated-content\" href=\"https:\/\/artesaniascandilesyarbotantes.com\/web\/wp-content\/uploads\/2021\/04\/02.jpg\" data-elementor-open-lightbox=\"yes\" data-elementor-lightbox-slideshow=\"f6c8e7e\" data-elementor-lightbox-title=\"02\" data-e-action-hash=\"#elementor-action%3Aaction%3Dlightbox%26settings%3DeyJpZCI6MjE4MiwidXJsIjoiaHR0cHM6XC9cL2FydGVzYW5pYXNjYW5kaWxlc3lhcmJvdGFudGVzLmNvbVwvd2ViXC93cC1jb250ZW50XC91cGxvYWRzXC8yMDIxXC8wNFwvMDIuanBnIiwic2xpZGVzaG93IjoiZjZjOGU3ZSJ9\">\n\t\t\t\t\t<div class=\"e-gallery-image elementor-gallery-item__image\" data-thumbnail=\"https:\/\/artesaniascandilesyarbotantes.com\/web\/wp-content\/uploads\/2021\/04\/02-768x1024.jpg\" data-width=\"768\" data-height=\"1024\" aria-label=\"\" role=\"img\" ><\/div>\n\t\t\t\t\t\t\t\t\t\t\t<div class=\"elementor-gallery-item__overlay\"><\/div>\n\t\t\t\t\t\t\t\t\t\t\t\t\t\t<\/a>\n\t\t\t\t\t\t\t<a class=\"e-gallery-item elementor-gallery-item elementor-animated-content\" href=\"https:\/\/artesaniascandilesyarbotantes.com\/web\/wp-content\/uploads\/2021\/04\/01.jpg\" data-elementor-open-lightbox=\"yes\" data-elementor-lightbox-slideshow=\"f6c8e7e\" data-elementor-lightbox-title=\"01\" data-e-action-hash=\"#elementor-action%3Aaction%3Dlightbox%26settings%3DeyJpZCI6MjE4MSwidXJsIjoiaHR0cHM6XC9cL2FydGVzYW5pYXNjYW5kaWxlc3lhcmJvdGFudGVzLmNvbVwvd2ViXC93cC1jb250ZW50XC91cGxvYWRzXC8yMDIxXC8wNFwvMDEuanBnIiwic2xpZGVzaG93IjoiZjZjOGU3ZSJ9\">\n\t\t\t\t\t<div class=\"e-gallery-image elementor-gallery-item__image\" data-thumbnail=\"https:\/\/artesaniascandilesyarbotantes.com\/web\/wp-content\/uploads\/2021\/04\/01-1024x768.jpg\" data-width=\"1024\" data-height=\"768\" aria-label=\"\" role=\"img\" ><\/div>\n\t\t\t\t\t\t\t\t\t\t\t<div class=\"elementor-gallery-item__overlay\"><\/div>\n\t\t\t\t\t\t\t\t\t\t\t\t\t\t<\/a>\n\t\t\t\t\t<\/div>\n\t\t\t\t\t<\/div>\n\t\t\t\t<\/div>\n\t\t\t\t\t<\/div>\n\t\t<\/div>\n\t\t\t\t\t<\/div>\n\t\t<\/section>\n\t\t\t\t<\/div>\n\t\t","protected":false},"excerpt":{"rendered":"<p>Tradici\u00f3n Contamos con una amplia experiencia desde 1970 trabajando el hierro forjado, iniciando el negocio y la fabricaci\u00f3n por parte de mi padre y mi t\u00edo; hasta la fecha seguimos con la tradici\u00f3n pero innovando modelos por eso te ofrecemos artesan\u00edas de buena calidad, todo lo que imagines en artesan\u00edas de hierro con incrustaciones de &hellip;<\/p>\n<p class=\"read-more\"> <a class=\"\" href=\"https:\/\/artesaniascandilesyarbotantes.com\/web\/\"> <span class=\"screen-reader-text\">Inicio<\/span> Leer m\u00e1s &raquo;<\/a><\/p>\n","protected":false},"author":1,"featured_media":0,"parent":0,"menu_order":0,"comment_status":"closed","ping_status":"closed","template":"","meta":{"site-sidebar-layout":"no-sidebar","site-content-layout":"page-builder","ast-global-header-display":"","ast-banner-title-visibility":"","ast-main-header-display":"disabled","ast-hfb-above-header-display":"","ast-hfb-below-header-display":"","ast-hfb-mobile-header-display":"disabled","site-post-title":"disabled","ast-breadcrumbs-content":"disabled","ast-featured-img":"disabled","footer-sml-layout":"","theme-transparent-header-meta":"disabled","adv-header-id-meta":"","stick-header-meta":"","header-above-stick-meta":"","header-main-stick-meta":"","header-below-stick-meta":"","_joinchat":[],"footnotes":""},"class_list":["post-1320","page","type-page","status-publish","hentry"],"yoast_head":"<!-- This site is optimized with the Yoast SEO plugin v27.4 - https:\/\/yoast.com\/product\/yoast-seo-wordpress\/ -->\n<title>Artesanias Candiles y Arbotantes - Artesanias Candiles y Arbotantes<\/title>\n<meta name=\"description\" content=\"Somos fabricantes de artesanias de metal, tenemos los mejores precios y la mejor calidad de todo Tonala.\" \/>\n<meta name=\"robots\" content=\"index, follow, max-snippet:-1, max-image-preview:large, max-video-preview:-1\" \/>\n<link rel=\"canonical\" href=\"https:\/\/artesaniascandilesyarbotantes.com\/web\/\" \/>\n<meta property=\"og:locale\" content=\"es_ES\" \/>\n<meta property=\"og:type\" content=\"article\" \/>\n<meta property=\"og:title\" content=\"Artesanias Candiles y Arbotantes - Artesanias Candiles y Arbotantes\" \/>\n<meta property=\"og:description\" content=\"Somos fabricantes de artesanias de metal, tenemos los mejores precios y la mejor calidad de todo Tonala.\" \/>\n<meta property=\"og:url\" content=\"https:\/\/artesaniascandilesyarbotantes.com\/web\/\" \/>\n<meta property=\"og:site_name\" content=\"Artesanias Candiles y Arbotantes\" \/>\n<meta property=\"article:publisher\" content=\"https:\/\/www.facebook.com\/Artesanias-Candiles-y-Arbotantes-103846091787311\" \/>\n<meta property=\"article:modified_time\" content=\"2021-04-28T13:09:29+00:00\" \/>\n<meta property=\"og:image\" content=\"https:\/\/artesaniascandilesyarbotantes.com\/web\/wp-content\/uploads\/2021\/03\/c-34.jpg\" \/>\n<meta name=\"twitter:card\" content=\"summary_large_image\" \/>\n<meta name=\"twitter:label1\" content=\"Tiempo de lectura\" \/>\n\t<meta name=\"twitter:data1\" content=\"1 minuto\" \/>\n<script type=\"application\/ld+json\" class=\"yoast-schema-graph\">{\"@context\":\"https:\\\/\\\/schema.org\",\"@graph\":[{\"@type\":\"WebPage\",\"@id\":\"https:\\\/\\\/artesaniascandilesyarbotantes.com\\\/web\\\/\",\"url\":\"https:\\\/\\\/artesaniascandilesyarbotantes.com\\\/web\\\/\",\"name\":\"Artesanias Candiles y Arbotantes - Artesanias Candiles y Arbotantes\",\"isPartOf\":{\"@id\":\"https:\\\/\\\/artesaniascandilesyarbotantes.com\\\/web\\\/#website\"},\"primaryImageOfPage\":{\"@id\":\"https:\\\/\\\/artesaniascandilesyarbotantes.com\\\/web\\\/#primaryimage\"},\"image\":{\"@id\":\"https:\\\/\\\/artesaniascandilesyarbotantes.com\\\/web\\\/#primaryimage\"},\"thumbnailUrl\":\"https:\\\/\\\/artesaniascandilesyarbotantes.com\\\/web\\\/wp-content\\\/uploads\\\/2021\\\/03\\\/c-34.jpg\",\"datePublished\":\"2017-07-11T04:57:39+00:00\",\"dateModified\":\"2021-04-28T13:09:29+00:00\",\"description\":\"Somos fabricantes de artesanias de metal, tenemos los mejores precios y la mejor calidad de todo Tonala.\",\"breadcrumb\":{\"@id\":\"https:\\\/\\\/artesaniascandilesyarbotantes.com\\\/web\\\/#breadcrumb\"},\"inLanguage\":\"es\",\"potentialAction\":[{\"@type\":\"ReadAction\",\"target\":[\"https:\\\/\\\/artesaniascandilesyarbotantes.com\\\/web\\\/\"]}]},{\"@type\":\"ImageObject\",\"inLanguage\":\"es\",\"@id\":\"https:\\\/\\\/artesaniascandilesyarbotantes.com\\\/web\\\/#primaryimage\",\"url\":\"https:\\\/\\\/artesaniascandilesyarbotantes.com\\\/web\\\/wp-content\\\/uploads\\\/2021\\\/03\\\/c-34.jpg\",\"contentUrl\":\"https:\\\/\\\/artesaniascandilesyarbotantes.com\\\/web\\\/wp-content\\\/uploads\\\/2021\\\/03\\\/c-34.jpg\",\"width\":640,\"height\":480},{\"@type\":\"BreadcrumbList\",\"@id\":\"https:\\\/\\\/artesaniascandilesyarbotantes.com\\\/web\\\/#breadcrumb\",\"itemListElement\":[{\"@type\":\"ListItem\",\"position\":1,\"name\":\"Portada\",\"item\":\"https:\\\/\\\/artesaniascandilesyarbotantes.com\\\/web\\\/\"},{\"@type\":\"ListItem\",\"position\":2,\"name\":\"Inicio\"}]},{\"@type\":\"WebSite\",\"@id\":\"https:\\\/\\\/artesaniascandilesyarbotantes.com\\\/web\\\/#website\",\"url\":\"https:\\\/\\\/artesaniascandilesyarbotantes.com\\\/web\\\/\",\"name\":\"Artesanias Candiles y Arbotantes\",\"description\":\"Artesanias Candiles y Arbotantes\",\"publisher\":{\"@id\":\"https:\\\/\\\/artesaniascandilesyarbotantes.com\\\/web\\\/#organization\"},\"potentialAction\":[{\"@type\":\"SearchAction\",\"target\":{\"@type\":\"EntryPoint\",\"urlTemplate\":\"https:\\\/\\\/artesaniascandilesyarbotantes.com\\\/web\\\/?s={search_term_string}\"},\"query-input\":{\"@type\":\"PropertyValueSpecification\",\"valueRequired\":true,\"valueName\":\"search_term_string\"}}],\"inLanguage\":\"es\"},{\"@type\":\"Organization\",\"@id\":\"https:\\\/\\\/artesaniascandilesyarbotantes.com\\\/web\\\/#organization\",\"name\":\"Artesanias Candiles y Arbotantes\",\"url\":\"https:\\\/\\\/artesaniascandilesyarbotantes.com\\\/web\\\/\",\"logo\":{\"@type\":\"ImageObject\",\"inLanguage\":\"es\",\"@id\":\"https:\\\/\\\/artesaniascandilesyarbotantes.com\\\/web\\\/#\\\/schema\\\/logo\\\/image\\\/\",\"url\":\"https:\\\/\\\/artesaniascandilesyarbotantes.com\\\/web\\\/wp-content\\\/uploads\\\/2021\\\/03\\\/favicon.jpg\",\"contentUrl\":\"https:\\\/\\\/artesaniascandilesyarbotantes.com\\\/web\\\/wp-content\\\/uploads\\\/2021\\\/03\\\/favicon.jpg\",\"width\":306,\"height\":306,\"caption\":\"Artesanias Candiles y Arbotantes\"},\"image\":{\"@id\":\"https:\\\/\\\/artesaniascandilesyarbotantes.com\\\/web\\\/#\\\/schema\\\/logo\\\/image\\\/\"},\"sameAs\":[\"https:\\\/\\\/www.facebook.com\\\/Artesanias-Candiles-y-Arbotantes-103846091787311\"]}]}<\/script>\n<!-- \/ Yoast SEO plugin. -->","yoast_head_json":{"title":"Artesanias Candiles y Arbotantes - Artesanias Candiles y Arbotantes","description":"Somos fabricantes de artesanias de metal, tenemos los mejores precios y la mejor calidad de todo Tonala.","robots":{"index":"index","follow":"follow","max-snippet":"max-snippet:-1","max-image-preview":"max-image-preview:large","max-video-preview":"max-video-preview:-1"},"canonical":"https:\/\/artesaniascandilesyarbotantes.com\/web\/","og_locale":"es_ES","og_type":"article","og_title":"Artesanias Candiles y Arbotantes - Artesanias Candiles y Arbotantes","og_description":"Somos fabricantes de artesanias de metal, tenemos los mejores precios y la mejor calidad de todo Tonala.","og_url":"https:\/\/artesaniascandilesyarbotantes.com\/web\/","og_site_name":"Artesanias Candiles y Arbotantes","article_publisher":"https:\/\/www.facebook.com\/Artesanias-Candiles-y-Arbotantes-103846091787311","article_modified_time":"2021-04-28T13:09:29+00:00","og_image":[{"url":"https:\/\/artesaniascandilesyarbotantes.com\/web\/wp-content\/uploads\/2021\/03\/c-34.jpg","type":"","width":"","height":""}],"twitter_card":"summary_large_image","twitter_misc":{"Tiempo de lectura":"1 minuto"},"schema":{"@context":"https:\/\/schema.org","@graph":[{"@type":"WebPage","@id":"https:\/\/artesaniascandilesyarbotantes.com\/web\/","url":"https:\/\/artesaniascandilesyarbotantes.com\/web\/","name":"Artesanias Candiles y Arbotantes - Artesanias Candiles y Arbotantes","isPartOf":{"@id":"https:\/\/artesaniascandilesyarbotantes.com\/web\/#website"},"primaryImageOfPage":{"@id":"https:\/\/artesaniascandilesyarbotantes.com\/web\/#primaryimage"},"image":{"@id":"https:\/\/artesaniascandilesyarbotantes.com\/web\/#primaryimage"},"thumbnailUrl":"https:\/\/artesaniascandilesyarbotantes.com\/web\/wp-content\/uploads\/2021\/03\/c-34.jpg","datePublished":"2017-07-11T04:57:39+00:00","dateModified":"2021-04-28T13:09:29+00:00","description":"Somos fabricantes de artesanias de metal, tenemos los mejores precios y la mejor calidad de todo Tonala.","breadcrumb":{"@id":"https:\/\/artesaniascandilesyarbotantes.com\/web\/#breadcrumb"},"inLanguage":"es","potentialAction":[{"@type":"ReadAction","target":["https:\/\/artesaniascandilesyarbotantes.com\/web\/"]}]},{"@type":"ImageObject","inLanguage":"es","@id":"https:\/\/artesaniascandilesyarbotantes.com\/web\/#primaryimage","url":"https:\/\/artesaniascandilesyarbotantes.com\/web\/wp-content\/uploads\/2021\/03\/c-34.jpg","contentUrl":"https:\/\/artesaniascandilesyarbotantes.com\/web\/wp-content\/uploads\/2021\/03\/c-34.jpg","width":640,"height":480},{"@type":"BreadcrumbList","@id":"https:\/\/artesaniascandilesyarbotantes.com\/web\/#breadcrumb","itemListElement":[{"@type":"ListItem","position":1,"name":"Portada","item":"https:\/\/artesaniascandilesyarbotantes.com\/web\/"},{"@type":"ListItem","position":2,"name":"Inicio"}]},{"@type":"WebSite","@id":"https:\/\/artesaniascandilesyarbotantes.com\/web\/#website","url":"https:\/\/artesaniascandilesyarbotantes.com\/web\/","name":"Artesanias Candiles y Arbotantes","description":"Artesanias Candiles y Arbotantes","publisher":{"@id":"https:\/\/artesaniascandilesyarbotantes.com\/web\/#organization"},"potentialAction":[{"@type":"SearchAction","target":{"@type":"EntryPoint","urlTemplate":"https:\/\/artesaniascandilesyarbotantes.com\/web\/?s={search_term_string}"},"query-input":{"@type":"PropertyValueSpecification","valueRequired":true,"valueName":"search_term_string"}}],"inLanguage":"es"},{"@type":"Organization","@id":"https:\/\/artesaniascandilesyarbotantes.com\/web\/#organization","name":"Artesanias Candiles y Arbotantes","url":"https:\/\/artesaniascandilesyarbotantes.com\/web\/","logo":{"@type":"ImageObject","inLanguage":"es","@id":"https:\/\/artesaniascandilesyarbotantes.com\/web\/#\/schema\/logo\/image\/","url":"https:\/\/artesaniascandilesyarbotantes.com\/web\/wp-content\/uploads\/2021\/03\/favicon.jpg","contentUrl":"https:\/\/artesaniascandilesyarbotantes.com\/web\/wp-content\/uploads\/2021\/03\/favicon.jpg","width":306,"height":306,"caption":"Artesanias Candiles y Arbotantes"},"image":{"@id":"https:\/\/artesaniascandilesyarbotantes.com\/web\/#\/schema\/logo\/image\/"},"sameAs":["https:\/\/www.facebook.com\/Artesanias-Candiles-y-Arbotantes-103846091787311"]}]}},"_links":{"self":[{"href":"https:\/\/artesaniascandilesyarbotantes.com\/web\/index.php\/wp-json\/wp\/v2\/pages\/1320","targetHints":{"allow":["GET"]}}],"collection":[{"href":"https:\/\/artesaniascandilesyarbotantes.com\/web\/index.php\/wp-json\/wp\/v2\/pages"}],"about":[{"href":"https:\/\/artesaniascandilesyarbotantes.com\/web\/index.php\/wp-json\/wp\/v2\/types\/page"}],"author":[{"embeddable":true,"href":"https:\/\/artesaniascandilesyarbotantes.com\/web\/index.php\/wp-json\/wp\/v2\/users\/1"}],"replies":[{"embeddable":true,"href":"https:\/\/artesaniascandilesyarbotantes.com\/web\/index.php\/wp-json\/wp\/v2\/comments?post=1320"}],"version-history":[{"count":38,"href":"https:\/\/artesaniascandilesyarbotantes.com\/web\/index.php\/wp-json\/wp\/v2\/pages\/1320\/revisions"}],"predecessor-version":[{"id":2190,"href":"https:\/\/artesaniascandilesyarbotantes.com\/web\/index.php\/wp-json\/wp\/v2\/pages\/1320\/revisions\/2190"}],"wp:attachment":[{"href":"https:\/\/artesaniascandilesyarbotantes.com\/web\/index.php\/wp-json\/wp\/v2\/media?parent=1320"}],"curies":[{"name":"wp","href":"https:\/\/api.w.org\/{rel}","templated":true}]}}